{"id":913,"date":"2026-03-18T12:54:50","date_gmt":"2026-03-18T11:54:50","guid":{"rendered":"https:\/\/stall-weingarten.de\/?page_id=913"},"modified":"2026-03-18T12:59:26","modified_gmt":"2026-03-18T11:59:26","slug":"tellington-einfuehrungskurs","status":"publish","type":"page","link":"https:\/\/stall-weingarten.de\/index.php\/tellington-einfuehrungskurs\/","title":{"rendered":"Tellington Einf\u00fchrungskurs"},"content":{"rendered":"<h1><img loading=\"lazy\" decoding=\"async\" class=\"alignnone\" src=\"https:\/\/stall-weingarten.de\/wp-content\/uploads\/2026\/03\/cropped-AngieLogoFrei-1-e1551475795157-1.png\" alt=\"\" width=\"300\" height=\"221\"><\/h1>\n<h1 style=\"font-weight: 400;\"><strong>Tellington Einf\u00fchrungskurs f\u00fcr Kinder<\/strong><\/h1>\n<p style=\"font-weight: 400;\">Die Kinder bekommen einen \u00dcberblick \u00fcber die Tellington Methode. Dies Methode ziel auf&nbsp; ein motiviertes Freundschaftlichen Umgang mit dem Pferd ab. Nach 50 Jahren Tellington ist die Methode somit immer aktuell.<\/p>\n<p style=\"font-weight: 400;\">Wir werden die 3 S\u00e4ulen der Methode kennen lernen.<\/p>\n<ol>\n<li style=\"font-weight: 400;\">TTOUCH: spezielle Ber\u00fchrungen<br \/>\nWozu es sinnvoll ist, doch mal die Bandagen um den K\u00f6rper zu wickeln<\/li>\n<li>Die Bodenarbeit<br \/>\nMit verschiedenen F\u00fchr Positionen werden wir erste Erfahrungen im Lernparcour machen und lernen wie wichtig langsam sein kann.<\/li>\n<li>Wenn noch Zeit ist werde ich noch Geistloses Reiten \/ Halsringen Reiten demonstriert<\/li>\n<\/ol>\n<p style=\"font-weight: 400;\">Weitere Information zu Angie z.B. unter <a href=\"https:\/\/angie-jugendreitkurse.de\/\">https:\/\/angie-jugendreitkurse.de\/<\/a><\/p>\n<p>&nbsp;<\/p>\n<h2 style=\"font-weight: 400;\"><strong>Die Methode<\/strong><\/h2>\n<p style=\"font-weight: 400;\">Die Tellington-Methode l\u00e4sst sich vielf\u00e4ltig an allen Lebewesen dieser Erde anwenden.<\/p>\n<p style=\"font-weight: 400;\">Urspr\u00fcnglich entwickelte Linda Tellington-Jones die Tellington-Methode f\u00fcr Pferde. Erstaunliche Erfahrungen bei der Arbeit mit besonderen Ber\u00fchrungen f\u00fchrten zur Entstehung des TTouch. Lindas Bodenarbeit, ihre besondere Art des Reitens und der TTouch erlangen seit ihrer Entstehung vor 30 Jahren zu immer mehr Anerkennung.<\/p>\n<p style=\"font-weight: 400;\">Nach den gro\u00dfen Erfolgen in der Arbeit mit Pferden, wurde die Methode auf Hunde \u00fcbertragen, mit der Erkenntnis, dass auch Hunde positiv beeinflusst und best\u00e4rkt wurden durch diese Arbeit.<\/p>\n<p style=\"font-weight: 400;\">Die Methode wurde f\u00fcr Hunde und Pferde bekannt und ist ebenso erfolgreich bei Katzen, V\u00f6geln, anderen Haus- und Kleintieren, sowie bei Nutz-, Zoo- und Wildtieren. Seit kurzem findet auch der TTouch f\u00fcr Menschen immer gr\u00f6\u00dferen Anklang.<\/p>\n<p style=\"font-weight: 400;\">Die Tellington TTouch\u00ae Methode basiert auf vier Grundelementen:<\/p>\n<ul style=\"font-weight: 400;\">\n<li>der K\u00f6rperarbeit (Tellington TTouch\u00ae)<\/li>\n<li>dem langsamen F\u00fchrtraining \u00fcber Bodenger\u00e4te (Tellington-Lernparcours),<\/li>\n<li>der Ausr\u00fcstung und<\/li>\n<li>der Visualisierung, also der mentalen Vorstellung eines positiven Bildes dessen, was wir f\u00fcr unsere Tiere erreichen m\u00f6chten.<\/li>\n<\/ul>\n<p style=\"font-weight: 400;\">Der Einsatz der Bodenger\u00e4te im F\u00fchrtraining ist aus der Arbeit mit Pferden in den 70-er Jahren entstanden.<\/p>\n<p style=\"font-weight: 400;\">Alle Elemente erg\u00e4nzen sich. Neben anderen Effekten, liegt der Fokus der K\u00f6rperarbeit auf der Verbesserung des Gleichgewichtes, sowohl vom k\u00f6rperlichen wie vom emotionalen und mentalen Aspekt her. Im F\u00fchrtraining wird diese Verbesserung der Balance in der Bewegung erlebt.<br \/>\nViele Tiere, die z.B. emotional schnell aus dem Gleichgewicht geraten, profitieren von einer Schulung der k\u00f6rperlichen Balance, da der k\u00f6rperliche, emotionale und mentale Aspekt in Bezug zueinander stehen.<\/p>\n","protected":false},"excerpt":{"rendered":"<p>Tellington Einf\u00fchrungskurs f\u00fcr Kinder Die Kinder bekommen einen \u00dcberblick \u00fcber die Tellington Methode. Dies Methode ziel auf&nbsp; ein motiviertes Freundschaftlichen Umgang mit dem Pferd ab. Nach 50 Jahren Tellington ist die Methode somit immer aktuell. Wir werden die 3 S\u00e4ulen&#8230; <a class=\"more-link\" href=\"https:\/\/stall-weingarten.de\/index.php\/tellington-einfuehrungskurs\/\">Weiterlesen &rarr;<\/a><\/p>\n","protected":false},"author":5,"featured_media":0,"parent":0,"menu_order":0,"comment_status":"closed","ping_status":"closed","template":"","meta":{"ngg_post_thumbnail":0,"footnotes":""},"yoast_head":"<!-- This site is optimized with the Yoast SEO plugin v19.5.1 - https:\/\/yoast.com\/wordpress\/plugins\/seo\/ -->\n<title>Tellington Einf\u00fchrungskurs - Hof Weingarten<\/title>\n<meta name=\"robots\" content=\"index, follow, max-snippet:-1, max-image-preview:large, max-video-preview:-1\" \/>\n<link rel=\"canonical\" href=\"https:\/\/stall-weingarten.de\/index.php\/tellington-einfuehrungskurs\/\" \/>\n<meta property=\"og:locale\" content=\"de_DE\" \/>\n<meta property=\"og:type\" content=\"article\" \/>\n<meta property=\"og:title\" content=\"Tellington Einf\u00fchrungskurs - Hof Weingarten\" \/>\n<meta property=\"og:description\" content=\"Tellington Einf\u00fchrungskurs f\u00fcr Kinder Die Kinder bekommen einen \u00dcberblick \u00fcber die Tellington Methode. Dies Methode ziel auf&nbsp; ein motiviertes Freundschaftlichen Umgang mit dem Pferd ab. Nach 50 Jahren Tellington ist die Methode somit immer aktuell. Wir werden die 3 S\u00e4ulen... Weiterlesen &rarr;\" \/>\n<meta property=\"og:url\" content=\"https:\/\/stall-weingarten.de\/index.php\/tellington-einfuehrungskurs\/\" \/>\n<meta property=\"og:site_name\" content=\"Hof Weingarten\" \/>\n<meta property=\"article:modified_time\" content=\"2026-03-18T11:59:26+00:00\" \/>\n<meta property=\"og:image\" content=\"https:\/\/stall-weingarten.de\/wp-content\/uploads\/2026\/03\/cropped-AngieLogoFrei-1-e1551475795157-1.png\" \/>\n<meta name=\"twitter:card\" content=\"summary\" \/>\n<meta name=\"twitter:label1\" content=\"Gesch\u00e4tzte Lesezeit\" \/>\n\t<meta name=\"twitter:data1\" content=\"2 Minuten\" \/>\n<script type=\"application\/ld+json\" class=\"yoast-schema-graph\">{\"@context\":\"https:\/\/schema.org\",\"@graph\":[{\"@type\":\"WebPage\",\"@id\":\"https:\/\/stall-weingarten.de\/index.php\/tellington-einfuehrungskurs\/\",\"url\":\"https:\/\/stall-weingarten.de\/index.php\/tellington-einfuehrungskurs\/\",\"name\":\"Tellington Einf\u00fchrungskurs - Hof Weingarten\",\"isPartOf\":{\"@id\":\"https:\/\/stall-weingarten.de\/#website\"},\"datePublished\":\"2026-03-18T11:54:50+00:00\",\"dateModified\":\"2026-03-18T11:59:26+00:00\",\"breadcrumb\":{\"@id\":\"https:\/\/stall-weingarten.de\/index.php\/tellington-einfuehrungskurs\/#breadcrumb\"},\"inLanguage\":\"de-DE\",\"potentialAction\":[{\"@type\":\"ReadAction\",\"target\":[\"https:\/\/stall-weingarten.de\/index.php\/tellington-einfuehrungskurs\/\"]}]},{\"@type\":\"BreadcrumbList\",\"@id\":\"https:\/\/stall-weingarten.de\/index.php\/tellington-einfuehrungskurs\/#breadcrumb\",\"itemListElement\":[{\"@type\":\"ListItem\",\"position\":1,\"name\":\"Startseite\",\"item\":\"https:\/\/stall-weingarten.de\/\"},{\"@type\":\"ListItem\",\"position\":2,\"name\":\"Tellington Einf\u00fchrungskurs\"}]},{\"@type\":\"WebSite\",\"@id\":\"https:\/\/stall-weingarten.de\/#website\",\"url\":\"https:\/\/stall-weingarten.de\/\",\"name\":\"Hof Weingarten\",\"description\":\"Pferdepension &amp; Wanderreitstation\",\"publisher\":{\"@id\":\"https:\/\/stall-weingarten.de\/#\/schema\/person\/ca106827ebd052b83d652c5b12d2c0f3\"},\"potentialAction\":[{\"@type\":\"SearchAction\",\"target\":{\"@type\":\"EntryPoint\",\"urlTemplate\":\"https:\/\/stall-weingarten.de\/?s={search_term_string}\"},\"query-input\":\"required name=search_term_string\"}],\"inLanguage\":\"de-DE\"},{\"@type\":[\"Person\",\"Organization\"],\"@id\":\"https:\/\/stall-weingarten.de\/#\/schema\/person\/ca106827ebd052b83d652c5b12d2c0f3\",\"name\":\"Andrea Wittlich\",\"image\":{\"@type\":\"ImageObject\",\"inLanguage\":\"de-DE\",\"@id\":\"https:\/\/stall-weingarten.de\/#\/schema\/person\/image\/\",\"url\":\"https:\/\/secure.gravatar.com\/avatar\/15ec4d3210784bd1805dce609e677d23?s=96&d=mm&r=g\",\"contentUrl\":\"https:\/\/secure.gravatar.com\/avatar\/15ec4d3210784bd1805dce609e677d23?s=96&d=mm&r=g\",\"caption\":\"Andrea Wittlich\"},\"logo\":{\"@id\":\"https:\/\/stall-weingarten.de\/#\/schema\/person\/image\/\"},\"sameAs\":[\"http:\/\/Stall-Weingarten.de\"]}]}<\/script>\n<!-- \/ Yoast SEO plugin. -->","yoast_head_json":{"title":"Tellington Einf\u00fchrungskurs - Hof Weingarten","robots":{"index":"index","follow":"follow","max-snippet":"max-snippet:-1","max-image-preview":"max-image-preview:large","max-video-preview":"max-video-preview:-1"},"canonical":"https:\/\/stall-weingarten.de\/index.php\/tellington-einfuehrungskurs\/","og_locale":"de_DE","og_type":"article","og_title":"Tellington Einf\u00fchrungskurs - Hof Weingarten","og_description":"Tellington Einf\u00fchrungskurs f\u00fcr Kinder Die Kinder bekommen einen \u00dcberblick \u00fcber die Tellington Methode. Dies Methode ziel auf&nbsp; ein motiviertes Freundschaftlichen Umgang mit dem Pferd ab. Nach 50 Jahren Tellington ist die Methode somit immer aktuell. Wir werden die 3 S\u00e4ulen... Weiterlesen &rarr;","og_url":"https:\/\/stall-weingarten.de\/index.php\/tellington-einfuehrungskurs\/","og_site_name":"Hof Weingarten","article_modified_time":"2026-03-18T11:59:26+00:00","og_image":[{"url":"https:\/\/stall-weingarten.de\/wp-content\/uploads\/2026\/03\/cropped-AngieLogoFrei-1-e1551475795157-1.png"}],"twitter_card":"summary","twitter_misc":{"Gesch\u00e4tzte Lesezeit":"2 Minuten"},"schema":{"@context":"https:\/\/schema.org","@graph":[{"@type":"WebPage","@id":"https:\/\/stall-weingarten.de\/index.php\/tellington-einfuehrungskurs\/","url":"https:\/\/stall-weingarten.de\/index.php\/tellington-einfuehrungskurs\/","name":"Tellington Einf\u00fchrungskurs - Hof Weingarten","isPartOf":{"@id":"https:\/\/stall-weingarten.de\/#website"},"datePublished":"2026-03-18T11:54:50+00:00","dateModified":"2026-03-18T11:59:26+00:00","breadcrumb":{"@id":"https:\/\/stall-weingarten.de\/index.php\/tellington-einfuehrungskurs\/#breadcrumb"},"inLanguage":"de-DE","potentialAction":[{"@type":"ReadAction","target":["https:\/\/stall-weingarten.de\/index.php\/tellington-einfuehrungskurs\/"]}]},{"@type":"BreadcrumbList","@id":"https:\/\/stall-weingarten.de\/index.php\/tellington-einfuehrungskurs\/#breadcrumb","itemListElement":[{"@type":"ListItem","position":1,"name":"Startseite","item":"https:\/\/stall-weingarten.de\/"},{"@type":"ListItem","position":2,"name":"Tellington Einf\u00fchrungskurs"}]},{"@type":"WebSite","@id":"https:\/\/stall-weingarten.de\/#website","url":"https:\/\/stall-weingarten.de\/","name":"Hof Weingarten","description":"Pferdepension &amp; Wanderreitstation","publisher":{"@id":"https:\/\/stall-weingarten.de\/#\/schema\/person\/ca106827ebd052b83d652c5b12d2c0f3"},"potentialAction":[{"@type":"SearchAction","target":{"@type":"EntryPoint","urlTemplate":"https:\/\/stall-weingarten.de\/?s={search_term_string}"},"query-input":"required name=search_term_string"}],"inLanguage":"de-DE"},{"@type":["Person","Organization"],"@id":"https:\/\/stall-weingarten.de\/#\/schema\/person\/ca106827ebd052b83d652c5b12d2c0f3","name":"Andrea Wittlich","image":{"@type":"ImageObject","inLanguage":"de-DE","@id":"https:\/\/stall-weingarten.de\/#\/schema\/person\/image\/","url":"https:\/\/secure.gravatar.com\/avatar\/15ec4d3210784bd1805dce609e677d23?s=96&d=mm&r=g","contentUrl":"https:\/\/secure.gravatar.com\/avatar\/15ec4d3210784bd1805dce609e677d23?s=96&d=mm&r=g","caption":"Andrea Wittlich"},"logo":{"@id":"https:\/\/stall-weingarten.de\/#\/schema\/person\/image\/"},"sameAs":["http:\/\/Stall-Weingarten.de"]}]}},"_links":{"self":[{"href":"https:\/\/stall-weingarten.de\/index.php\/wp-json\/wp\/v2\/pages\/913"}],"collection":[{"href":"https:\/\/stall-weingarten.de\/index.php\/wp-json\/wp\/v2\/pages"}],"about":[{"href":"https:\/\/stall-weingarten.de\/index.php\/wp-json\/wp\/v2\/types\/page"}],"author":[{"embeddable":true,"href":"https:\/\/stall-weingarten.de\/index.php\/wp-json\/wp\/v2\/users\/5"}],"replies":[{"embeddable":true,"href":"https:\/\/stall-weingarten.de\/index.php\/wp-json\/wp\/v2\/comments?post=913"}],"version-history":[{"count":4,"href":"https:\/\/stall-weingarten.de\/index.php\/wp-json\/wp\/v2\/pages\/913\/revisions"}],"predecessor-version":[{"id":919,"href":"https:\/\/stall-weingarten.de\/index.php\/wp-json\/wp\/v2\/pages\/913\/revisions\/919"}],"wp:attachment":[{"href":"https:\/\/stall-weingarten.de\/index.php\/wp-json\/wp\/v2\/media?parent=913"}],"curies":[{"name":"wp","href":"https:\/\/api.w.org\/{rel}","templated":true}]}}