{"id":906,"date":"2026-03-18T12:12:34","date_gmt":"2026-03-18T11:12:34","guid":{"rendered":"https:\/\/stall-weingarten.de\/?page_id=906"},"modified":"2026-03-18T12:19:00","modified_gmt":"2026-03-18T11:19:00","slug":"sarah-rieser","status":"publish","type":"page","link":"https:\/\/stall-weingarten.de\/index.php\/sarah-rieser\/","title":{"rendered":"Sarah Rieser"},"content":{"rendered":"<h1 style=\"font-weight: 400;\"><strong>Mein Name ist Sarah Rieser<\/strong><\/h1>\n<p style=\"font-weight: 400;\">Schon als Kleinkind wurde ich vom Pferdevirus infiziert \u2013 eine Leidenschaft, die mich bis heute pr\u00e4gt. Durch Andrea Wittlich tauchte ich bereits als M\u00e4dchen tief in die Welt der Reiterei ein und legte dort das Fundament f\u00fcr meinen weiteren Weg. \u00dcber sie kam ich auch zu Michael Rieser, den ich als Bereiter f\u00fcr mein erstes eigenes Pferd kennen und lieben lernte.<\/p>\n<p style=\"font-weight: 400;\">So er\u00f6ffnete sich mir die feine, kommunikative Reitweise sowie die bewusste Arbeit am Boden \u2013 gepr\u00e4gt von Achtsamkeit, Klarheit und echter Verbindung zwischen Mensch und Pferd. Besonders die Arbeit mit jungen, dynamischen Lusitanohengsten erzeugte eine au\u00dfergew\u00f6hnliche Resonanz und f\u00fchrte mich immer tiefer in die Freiarbeit.<\/p>\n<p style=\"font-weight: 400;\">Heute verbinde ich all diese Erfahrungen in meiner Arbeit &#8211; mit Herz, Gef\u00fchl und einem klaren Blick f\u00fcr feine Kommunikation zwischen Pferd und Mensch.<\/p>\n<p style=\"font-weight: 400;\">Im theoretischen Teil erl\u00e4utere ich meinen Weg in die Freiarbeit, welche Voraussetzungen daf\u00fcr notwendig sind und wie sich aus scheinbar banaler F\u00fchrarbeit Schritt f\u00fcr Schritt ein dynamischer, harmonischer Tanz zwischen Mensch und Pferd entwickeln kann.<\/p>\n<p style=\"font-weight: 400;\">In der Praxis betrachte ich jedes Team ganz individuell: Wo steht ihr gerade? Welche Ziele habt ihr? Und welcher Weg passt wirklich zu euch, um diese Ziele stimmig zu erreichen?<\/p>\n<p style=\"font-weight: 400;\">Elementar sind dabei die emotionale Verbindung und die informative Klarheit eurem Pferd gegen\u00fcber, eure innere Haltung ebenso wie verbal, gestisch und taktil.<\/p>\n<p style=\"font-weight: 400;\">Abgerundet wird das Ganze durch Impulse aus der Zirzensik, die nicht nur spielerische Elemente einbringen, sondern auch Vertrauen, Pr\u00e4zision und Freude in der gemeinsamen Arbeit vertiefen.<\/p>\n<p><img decoding=\"async\" src=\"https:\/\/stall-weingarten.de\/wp-content\/uploads\/2026\/03\/Rieser.jpeg\"><\/p>\n","protected":false},"excerpt":{"rendered":"<p>Mein Name ist Sarah Rieser Schon als Kleinkind wurde ich vom Pferdevirus infiziert \u2013 eine Leidenschaft, die mich bis heute pr\u00e4gt. Durch Andrea Wittlich tauchte ich bereits als M\u00e4dchen tief in die Welt der Reiterei ein und legte dort das&#8230; <a class=\"more-link\" href=\"https:\/\/stall-weingarten.de\/index.php\/sarah-rieser\/\">Weiterlesen &rarr;<\/a><\/p>\n","protected":false},"author":5,"featured_media":0,"parent":0,"menu_order":0,"comment_status":"closed","ping_status":"closed","template":"","meta":{"ngg_post_thumbnail":0,"footnotes":""},"yoast_head":"<!-- This site is optimized with the Yoast SEO plugin v19.5.1 - https:\/\/yoast.com\/wordpress\/plugins\/seo\/ -->\n<title>Sarah Rieser - Hof Weingarten<\/title>\n<meta name=\"robots\" content=\"index, follow, max-snippet:-1, max-image-preview:large, max-video-preview:-1\" \/>\n<link rel=\"canonical\" href=\"https:\/\/stall-weingarten.de\/index.php\/sarah-rieser\/\" \/>\n<meta property=\"og:locale\" content=\"de_DE\" \/>\n<meta property=\"og:type\" content=\"article\" \/>\n<meta property=\"og:title\" content=\"Sarah Rieser - Hof Weingarten\" \/>\n<meta property=\"og:description\" content=\"Mein Name ist Sarah Rieser Schon als Kleinkind wurde ich vom Pferdevirus infiziert \u2013 eine Leidenschaft, die mich bis heute pr\u00e4gt. Durch Andrea Wittlich tauchte ich bereits als M\u00e4dchen tief in die Welt der Reiterei ein und legte dort das... Weiterlesen &rarr;\" \/>\n<meta property=\"og:url\" content=\"https:\/\/stall-weingarten.de\/index.php\/sarah-rieser\/\" \/>\n<meta property=\"og:site_name\" content=\"Hof Weingarten\" \/>\n<meta property=\"article:modified_time\" content=\"2026-03-18T11:19:00+00:00\" \/>\n<meta property=\"og:image\" content=\"https:\/\/stall-weingarten.de\/wp-content\/uploads\/2026\/03\/Rieser.jpeg\" \/>\n<meta name=\"twitter:card\" content=\"summary\" \/>\n<meta name=\"twitter:label1\" content=\"Gesch\u00e4tzte Lesezeit\" \/>\n\t<meta name=\"twitter:data1\" content=\"1 Minute\" \/>\n<script type=\"application\/ld+json\" class=\"yoast-schema-graph\">{\"@context\":\"https:\/\/schema.org\",\"@graph\":[{\"@type\":\"WebPage\",\"@id\":\"https:\/\/stall-weingarten.de\/index.php\/sarah-rieser\/\",\"url\":\"https:\/\/stall-weingarten.de\/index.php\/sarah-rieser\/\",\"name\":\"Sarah Rieser - Hof Weingarten\",\"isPartOf\":{\"@id\":\"https:\/\/stall-weingarten.de\/#website\"},\"datePublished\":\"2026-03-18T11:12:34+00:00\",\"dateModified\":\"2026-03-18T11:19:00+00:00\",\"breadcrumb\":{\"@id\":\"https:\/\/stall-weingarten.de\/index.php\/sarah-rieser\/#breadcrumb\"},\"inLanguage\":\"de-DE\",\"potentialAction\":[{\"@type\":\"ReadAction\",\"target\":[\"https:\/\/stall-weingarten.de\/index.php\/sarah-rieser\/\"]}]},{\"@type\":\"BreadcrumbList\",\"@id\":\"https:\/\/stall-weingarten.de\/index.php\/sarah-rieser\/#breadcrumb\",\"itemListElement\":[{\"@type\":\"ListItem\",\"position\":1,\"name\":\"Startseite\",\"item\":\"https:\/\/stall-weingarten.de\/\"},{\"@type\":\"ListItem\",\"position\":2,\"name\":\"Sarah Rieser\"}]},{\"@type\":\"WebSite\",\"@id\":\"https:\/\/stall-weingarten.de\/#website\",\"url\":\"https:\/\/stall-weingarten.de\/\",\"name\":\"Hof Weingarten\",\"description\":\"Pferdepension &amp; Wanderreitstation\",\"publisher\":{\"@id\":\"https:\/\/stall-weingarten.de\/#\/schema\/person\/ca106827ebd052b83d652c5b12d2c0f3\"},\"potentialAction\":[{\"@type\":\"SearchAction\",\"target\":{\"@type\":\"EntryPoint\",\"urlTemplate\":\"https:\/\/stall-weingarten.de\/?s={search_term_string}\"},\"query-input\":\"required name=search_term_string\"}],\"inLanguage\":\"de-DE\"},{\"@type\":[\"Person\",\"Organization\"],\"@id\":\"https:\/\/stall-weingarten.de\/#\/schema\/person\/ca106827ebd052b83d652c5b12d2c0f3\",\"name\":\"Andrea Wittlich\",\"image\":{\"@type\":\"ImageObject\",\"inLanguage\":\"de-DE\",\"@id\":\"https:\/\/stall-weingarten.de\/#\/schema\/person\/image\/\",\"url\":\"https:\/\/secure.gravatar.com\/avatar\/15ec4d3210784bd1805dce609e677d23?s=96&d=mm&r=g\",\"contentUrl\":\"https:\/\/secure.gravatar.com\/avatar\/15ec4d3210784bd1805dce609e677d23?s=96&d=mm&r=g\",\"caption\":\"Andrea Wittlich\"},\"logo\":{\"@id\":\"https:\/\/stall-weingarten.de\/#\/schema\/person\/image\/\"},\"sameAs\":[\"http:\/\/Stall-Weingarten.de\"]}]}<\/script>\n<!-- \/ Yoast SEO plugin. -->","yoast_head_json":{"title":"Sarah Rieser - Hof Weingarten","robots":{"index":"index","follow":"follow","max-snippet":"max-snippet:-1","max-image-preview":"max-image-preview:large","max-video-preview":"max-video-preview:-1"},"canonical":"https:\/\/stall-weingarten.de\/index.php\/sarah-rieser\/","og_locale":"de_DE","og_type":"article","og_title":"Sarah Rieser - Hof Weingarten","og_description":"Mein Name ist Sarah Rieser Schon als Kleinkind wurde ich vom Pferdevirus infiziert \u2013 eine Leidenschaft, die mich bis heute pr\u00e4gt. Durch Andrea Wittlich tauchte ich bereits als M\u00e4dchen tief in die Welt der Reiterei ein und legte dort das... Weiterlesen &rarr;","og_url":"https:\/\/stall-weingarten.de\/index.php\/sarah-rieser\/","og_site_name":"Hof Weingarten","article_modified_time":"2026-03-18T11:19:00+00:00","og_image":[{"url":"https:\/\/stall-weingarten.de\/wp-content\/uploads\/2026\/03\/Rieser.jpeg"}],"twitter_card":"summary","twitter_misc":{"Gesch\u00e4tzte Lesezeit":"1 Minute"},"schema":{"@context":"https:\/\/schema.org","@graph":[{"@type":"WebPage","@id":"https:\/\/stall-weingarten.de\/index.php\/sarah-rieser\/","url":"https:\/\/stall-weingarten.de\/index.php\/sarah-rieser\/","name":"Sarah Rieser - Hof Weingarten","isPartOf":{"@id":"https:\/\/stall-weingarten.de\/#website"},"datePublished":"2026-03-18T11:12:34+00:00","dateModified":"2026-03-18T11:19:00+00:00","breadcrumb":{"@id":"https:\/\/stall-weingarten.de\/index.php\/sarah-rieser\/#breadcrumb"},"inLanguage":"de-DE","potentialAction":[{"@type":"ReadAction","target":["https:\/\/stall-weingarten.de\/index.php\/sarah-rieser\/"]}]},{"@type":"BreadcrumbList","@id":"https:\/\/stall-weingarten.de\/index.php\/sarah-rieser\/#breadcrumb","itemListElement":[{"@type":"ListItem","position":1,"name":"Startseite","item":"https:\/\/stall-weingarten.de\/"},{"@type":"ListItem","position":2,"name":"Sarah Rieser"}]},{"@type":"WebSite","@id":"https:\/\/stall-weingarten.de\/#website","url":"https:\/\/stall-weingarten.de\/","name":"Hof Weingarten","description":"Pferdepension &amp; Wanderreitstation","publisher":{"@id":"https:\/\/stall-weingarten.de\/#\/schema\/person\/ca106827ebd052b83d652c5b12d2c0f3"},"potentialAction":[{"@type":"SearchAction","target":{"@type":"EntryPoint","urlTemplate":"https:\/\/stall-weingarten.de\/?s={search_term_string}"},"query-input":"required name=search_term_string"}],"inLanguage":"de-DE"},{"@type":["Person","Organization"],"@id":"https:\/\/stall-weingarten.de\/#\/schema\/person\/ca106827ebd052b83d652c5b12d2c0f3","name":"Andrea Wittlich","image":{"@type":"ImageObject","inLanguage":"de-DE","@id":"https:\/\/stall-weingarten.de\/#\/schema\/person\/image\/","url":"https:\/\/secure.gravatar.com\/avatar\/15ec4d3210784bd1805dce609e677d23?s=96&d=mm&r=g","contentUrl":"https:\/\/secure.gravatar.com\/avatar\/15ec4d3210784bd1805dce609e677d23?s=96&d=mm&r=g","caption":"Andrea Wittlich"},"logo":{"@id":"https:\/\/stall-weingarten.de\/#\/schema\/person\/image\/"},"sameAs":["http:\/\/Stall-Weingarten.de"]}]}},"_links":{"self":[{"href":"https:\/\/stall-weingarten.de\/index.php\/wp-json\/wp\/v2\/pages\/906"}],"collection":[{"href":"https:\/\/stall-weingarten.de\/index.php\/wp-json\/wp\/v2\/pages"}],"about":[{"href":"https:\/\/stall-weingarten.de\/index.php\/wp-json\/wp\/v2\/types\/page"}],"author":[{"embeddable":true,"href":"https:\/\/stall-weingarten.de\/index.php\/wp-json\/wp\/v2\/users\/5"}],"replies":[{"embeddable":true,"href":"https:\/\/stall-weingarten.de\/index.php\/wp-json\/wp\/v2\/comments?post=906"}],"version-history":[{"count":3,"href":"https:\/\/stall-weingarten.de\/index.php\/wp-json\/wp\/v2\/pages\/906\/revisions"}],"predecessor-version":[{"id":910,"href":"https:\/\/stall-weingarten.de\/index.php\/wp-json\/wp\/v2\/pages\/906\/revisions\/910"}],"wp:attachment":[{"href":"https:\/\/stall-weingarten.de\/index.php\/wp-json\/wp\/v2\/media?parent=906"}],"curies":[{"name":"wp","href":"https:\/\/api.w.org\/{rel}","templated":true}]}}