{"id":30,"date":"2016-06-24T10:52:21","date_gmt":"2016-06-24T08:52:21","guid":{"rendered":"http:\/\/92.205.129.62\/Stall-Weingarten\/?page_id=30"},"modified":"2020-01-31T16:31:15","modified_gmt":"2020-01-31T15:31:15","slug":"anfahrt","status":"publish","type":"page","link":"https:\/\/stall-weingarten.de\/index.php\/anfahrt\/","title":{"rendered":"Anfahrt"},"content":{"rendered":"<h1>Anfahrtskarte<\/h1>\n<p><strong><u><\/u><br \/>\nEscherwiese 7<\/strong><br \/>\n56581 Kurtscheid<\/p>\n<p><a href=\"https:\/\/goo.gl\/maps\/pWXCPkDdA3D6SPjRA\" target=\"_blank\" rel=\"noopener noreferrer\"><img loading=\"lazy\" decoding=\"async\" class=\"alignnone wp-image-644 size-full\" src=\"https:\/\/stall-weingarten.de\/wp-content\/uploads\/2020\/01\/Landkarte_Escherwiese.png\" alt=\"\" width=\"650\" height=\"580\" srcset=\"https:\/\/stall-weingarten.de\/wp-content\/uploads\/2020\/01\/Landkarte_Escherwiese.png 650w, https:\/\/stall-weingarten.de\/wp-content\/uploads\/2020\/01\/Landkarte_Escherwiese-300x268.png 300w, https:\/\/stall-weingarten.de\/wp-content\/uploads\/2020\/01\/Landkarte_Escherwiese-600x535.png 600w\" sizes=\"(max-width: 650px) 100vw, 650px\" \/><\/a><\/p>\n<p><strong>\u00dcber die A3 aus beiden Richtungen:<\/strong><br \/>\nAbfahrt Neuwied\/Altenkirchen\/Rengsdorf \u2013 B256 Richtung Neuwied\/Rengsdorf \u2013 nach Stra\u00dfenhaus die Abfahrt Kurtscheid nehmen &#8211; Auf Escherwiese fahren (erste Stra\u00dfe rechts gegen\u00fcber dem Industriegebiet Kurtscheid) &#8211; der Stra\u00dfe bis nach unten folgen.<\/p>\n<p><strong>\u00dcber die A61 aus beiden Richtungen, A48 aus westlicher Richtung und B42 aus s\u00fcdlicher Richtung:<\/strong><br \/>\n\u00dcber die A61 Koblenzer Kreuz auf die A48 Richtung Frankfurt \u2013 Abfahrt Bendorf\/Neuwied \u2013 \u2013 B42 Richtung Neuwied Ausfahrt Altenkirchen\/Dierdorf \u2013 auf B256 Richtung Altenkirchen \u2013 nach ca. 14km die Abfahrt Kurtscheid nehmen.<\/p>\n<p><strong>\u00dcber die B9 aus beiden Richtungen:<\/strong><br \/>\nAbfahrt Neuwied\/Altenkirchen (\u00fcber Rheinbr\u00fccke) \u2013 auf B256 weiter Richtung Altenkirchen \u2013 nach ca. 14km die Abfahrt Kurtscheid nehmen &#8211;&nbsp;Auf Escherwiese fahren (erste Stra\u00dfe rechts gegen\u00fcber dem Industriegebiet Kurtscheid) &#8211; der Stra\u00dfe bis nach unten folgen.<\/p>\n","protected":false},"excerpt":{"rendered":"<p>Anfahrtskarte Escherwiese 7 56581 Kurtscheid \u00dcber die A3 aus beiden Richtungen: Abfahrt Neuwied\/Altenkirchen\/Rengsdorf \u2013 B256 Richtung Neuwied\/Rengsdorf \u2013 nach Stra\u00dfenhaus die Abfahrt Kurtscheid nehmen &#8211; Auf Escherwiese fahren (erste Stra\u00dfe rechts gegen\u00fcber dem Industriegebiet Kurtscheid) &#8211; der Stra\u00dfe bis nach&#8230; <a class=\"more-link\" href=\"https:\/\/stall-weingarten.de\/index.php\/anfahrt\/\">Weiterlesen &rarr;<\/a><\/p>\n","protected":false},"author":1,"featured_media":0,"parent":0,"menu_order":0,"comment_status":"closed","ping_status":"closed","template":"template-nosidebar.php","meta":{"ngg_post_thumbnail":0,"footnotes":""},"yoast_head":"<!-- This site is optimized with the Yoast SEO plugin v19.5.1 - https:\/\/yoast.com\/wordpress\/plugins\/seo\/ -->\n<title>Anfahrt - Hof Weingarten<\/title>\n<meta name=\"robots\" content=\"index, follow, max-snippet:-1, max-image-preview:large, max-video-preview:-1\" \/>\n<link rel=\"canonical\" href=\"https:\/\/stall-weingarten.de\/index.php\/anfahrt\/\" \/>\n<meta property=\"og:locale\" content=\"de_DE\" \/>\n<meta property=\"og:type\" content=\"article\" \/>\n<meta property=\"og:title\" content=\"Anfahrt - Hof Weingarten\" \/>\n<meta property=\"og:description\" content=\"Anfahrtskarte Escherwiese 7 56581 Kurtscheid \u00dcber die A3 aus beiden Richtungen: Abfahrt Neuwied\/Altenkirchen\/Rengsdorf \u2013 B256 Richtung Neuwied\/Rengsdorf \u2013 nach Stra\u00dfenhaus die Abfahrt Kurtscheid nehmen &#8211; Auf Escherwiese fahren (erste Stra\u00dfe rechts gegen\u00fcber dem Industriegebiet Kurtscheid) &#8211; der Stra\u00dfe bis nach... Weiterlesen &rarr;\" \/>\n<meta property=\"og:url\" content=\"https:\/\/stall-weingarten.de\/index.php\/anfahrt\/\" \/>\n<meta property=\"og:site_name\" content=\"Hof Weingarten\" \/>\n<meta property=\"article:modified_time\" content=\"2020-01-31T15:31:15+00:00\" \/>\n<meta property=\"og:image\" content=\"https:\/\/stall-weingarten.de\/wp-content\/uploads\/2020\/01\/Landkarte_Escherwiese.png\" \/>\n<meta name=\"twitter:card\" content=\"summary\" \/>\n<meta name=\"twitter:label1\" content=\"Gesch\u00e4tzte Lesezeit\" \/>\n\t<meta name=\"twitter:data1\" content=\"1 Minute\" \/>\n<script type=\"application\/ld+json\" class=\"yoast-schema-graph\">{\"@context\":\"https:\/\/schema.org\",\"@graph\":[{\"@type\":\"WebPage\",\"@id\":\"https:\/\/stall-weingarten.de\/index.php\/anfahrt\/\",\"url\":\"https:\/\/stall-weingarten.de\/index.php\/anfahrt\/\",\"name\":\"Anfahrt - Hof Weingarten\",\"isPartOf\":{\"@id\":\"https:\/\/stall-weingarten.de\/#website\"},\"datePublished\":\"2016-06-24T08:52:21+00:00\",\"dateModified\":\"2020-01-31T15:31:15+00:00\",\"breadcrumb\":{\"@id\":\"https:\/\/stall-weingarten.de\/index.php\/anfahrt\/#breadcrumb\"},\"inLanguage\":\"de-DE\",\"potentialAction\":[{\"@type\":\"ReadAction\",\"target\":[\"https:\/\/stall-weingarten.de\/index.php\/anfahrt\/\"]}]},{\"@type\":\"BreadcrumbList\",\"@id\":\"https:\/\/stall-weingarten.de\/index.php\/anfahrt\/#breadcrumb\",\"itemListElement\":[{\"@type\":\"ListItem\",\"position\":1,\"name\":\"Startseite\",\"item\":\"https:\/\/stall-weingarten.de\/\"},{\"@type\":\"ListItem\",\"position\":2,\"name\":\"Anfahrt\"}]},{\"@type\":\"WebSite\",\"@id\":\"https:\/\/stall-weingarten.de\/#website\",\"url\":\"https:\/\/stall-weingarten.de\/\",\"name\":\"Hof Weingarten\",\"description\":\"Pferdepension &amp; Wanderreitstation\",\"publisher\":{\"@id\":\"https:\/\/stall-weingarten.de\/#\/schema\/person\/ca106827ebd052b83d652c5b12d2c0f3\"},\"potentialAction\":[{\"@type\":\"SearchAction\",\"target\":{\"@type\":\"EntryPoint\",\"urlTemplate\":\"https:\/\/stall-weingarten.de\/?s={search_term_string}\"},\"query-input\":\"required name=search_term_string\"}],\"inLanguage\":\"de-DE\"},{\"@type\":[\"Person\",\"Organization\"],\"@id\":\"https:\/\/stall-weingarten.de\/#\/schema\/person\/ca106827ebd052b83d652c5b12d2c0f3\",\"name\":\"Andrea Wittlich\",\"image\":{\"@type\":\"ImageObject\",\"inLanguage\":\"de-DE\",\"@id\":\"https:\/\/stall-weingarten.de\/#\/schema\/person\/image\/\",\"url\":\"https:\/\/secure.gravatar.com\/avatar\/15ec4d3210784bd1805dce609e677d23?s=96&d=mm&r=g\",\"contentUrl\":\"https:\/\/secure.gravatar.com\/avatar\/15ec4d3210784bd1805dce609e677d23?s=96&d=mm&r=g\",\"caption\":\"Andrea Wittlich\"},\"logo\":{\"@id\":\"https:\/\/stall-weingarten.de\/#\/schema\/person\/image\/\"},\"sameAs\":[\"http:\/\/Stall-Weingarten.de\"]}]}<\/script>\n<!-- \/ Yoast SEO plugin. -->","yoast_head_json":{"title":"Anfahrt - Hof Weingarten","robots":{"index":"index","follow":"follow","max-snippet":"max-snippet:-1","max-image-preview":"max-image-preview:large","max-video-preview":"max-video-preview:-1"},"canonical":"https:\/\/stall-weingarten.de\/index.php\/anfahrt\/","og_locale":"de_DE","og_type":"article","og_title":"Anfahrt - Hof Weingarten","og_description":"Anfahrtskarte Escherwiese 7 56581 Kurtscheid \u00dcber die A3 aus beiden Richtungen: Abfahrt Neuwied\/Altenkirchen\/Rengsdorf \u2013 B256 Richtung Neuwied\/Rengsdorf \u2013 nach Stra\u00dfenhaus die Abfahrt Kurtscheid nehmen &#8211; Auf Escherwiese fahren (erste Stra\u00dfe rechts gegen\u00fcber dem Industriegebiet Kurtscheid) &#8211; der Stra\u00dfe bis nach... Weiterlesen &rarr;","og_url":"https:\/\/stall-weingarten.de\/index.php\/anfahrt\/","og_site_name":"Hof Weingarten","article_modified_time":"2020-01-31T15:31:15+00:00","og_image":[{"url":"https:\/\/stall-weingarten.de\/wp-content\/uploads\/2020\/01\/Landkarte_Escherwiese.png"}],"twitter_card":"summary","twitter_misc":{"Gesch\u00e4tzte Lesezeit":"1 Minute"},"schema":{"@context":"https:\/\/schema.org","@graph":[{"@type":"WebPage","@id":"https:\/\/stall-weingarten.de\/index.php\/anfahrt\/","url":"https:\/\/stall-weingarten.de\/index.php\/anfahrt\/","name":"Anfahrt - Hof Weingarten","isPartOf":{"@id":"https:\/\/stall-weingarten.de\/#website"},"datePublished":"2016-06-24T08:52:21+00:00","dateModified":"2020-01-31T15:31:15+00:00","breadcrumb":{"@id":"https:\/\/stall-weingarten.de\/index.php\/anfahrt\/#breadcrumb"},"inLanguage":"de-DE","potentialAction":[{"@type":"ReadAction","target":["https:\/\/stall-weingarten.de\/index.php\/anfahrt\/"]}]},{"@type":"BreadcrumbList","@id":"https:\/\/stall-weingarten.de\/index.php\/anfahrt\/#breadcrumb","itemListElement":[{"@type":"ListItem","position":1,"name":"Startseite","item":"https:\/\/stall-weingarten.de\/"},{"@type":"ListItem","position":2,"name":"Anfahrt"}]},{"@type":"WebSite","@id":"https:\/\/stall-weingarten.de\/#website","url":"https:\/\/stall-weingarten.de\/","name":"Hof Weingarten","description":"Pferdepension &amp; Wanderreitstation","publisher":{"@id":"https:\/\/stall-weingarten.de\/#\/schema\/person\/ca106827ebd052b83d652c5b12d2c0f3"},"potentialAction":[{"@type":"SearchAction","target":{"@type":"EntryPoint","urlTemplate":"https:\/\/stall-weingarten.de\/?s={search_term_string}"},"query-input":"required name=search_term_string"}],"inLanguage":"de-DE"},{"@type":["Person","Organization"],"@id":"https:\/\/stall-weingarten.de\/#\/schema\/person\/ca106827ebd052b83d652c5b12d2c0f3","name":"Andrea Wittlich","image":{"@type":"ImageObject","inLanguage":"de-DE","@id":"https:\/\/stall-weingarten.de\/#\/schema\/person\/image\/","url":"https:\/\/secure.gravatar.com\/avatar\/15ec4d3210784bd1805dce609e677d23?s=96&d=mm&r=g","contentUrl":"https:\/\/secure.gravatar.com\/avatar\/15ec4d3210784bd1805dce609e677d23?s=96&d=mm&r=g","caption":"Andrea Wittlich"},"logo":{"@id":"https:\/\/stall-weingarten.de\/#\/schema\/person\/image\/"},"sameAs":["http:\/\/Stall-Weingarten.de"]}]}},"_links":{"self":[{"href":"https:\/\/stall-weingarten.de\/index.php\/wp-json\/wp\/v2\/pages\/30"}],"collection":[{"href":"https:\/\/stall-weingarten.de\/index.php\/wp-json\/wp\/v2\/pages"}],"about":[{"href":"https:\/\/stall-weingarten.de\/index.php\/wp-json\/wp\/v2\/types\/page"}],"author":[{"embeddable":true,"href":"https:\/\/stall-weingarten.de\/index.php\/wp-json\/wp\/v2\/users\/1"}],"replies":[{"embeddable":true,"href":"https:\/\/stall-weingarten.de\/index.php\/wp-json\/wp\/v2\/comments?post=30"}],"version-history":[{"count":24,"href":"https:\/\/stall-weingarten.de\/index.php\/wp-json\/wp\/v2\/pages\/30\/revisions"}],"predecessor-version":[{"id":646,"href":"https:\/\/stall-weingarten.de\/index.php\/wp-json\/wp\/v2\/pages\/30\/revisions\/646"}],"wp:attachment":[{"href":"https:\/\/stall-weingarten.de\/index.php\/wp-json\/wp\/v2\/media?parent=30"}],"curies":[{"name":"wp","href":"https:\/\/api.w.org\/{rel}","templated":true}]}}